{"id":1017,"date":"2023-04-04T21:37:14","date_gmt":"2023-04-04T19:37:14","guid":{"rendered":"https:\/\/esfaec30.fr\/public\/?page_id=1017"},"modified":"2025-01-11T21:20:42","modified_gmt":"2025-01-11T20:20:42","slug":"les-eleves","status":"publish","type":"page","link":"https:\/\/esfaec30.fr\/public\/les-eleves\/","title":{"rendered":"Les \u00e9l\u00e8ves"},"content":{"rendered":"\t\t<div data-elementor-type=\"wp-page\" data-elementor-id=\"1017\" class=\"elementor elementor-1017\">\n\t\t\t\t\t\t<section class=\"elementor-section elementor-top-section elementor-element elementor-element-7c49e75f elementor-section-boxed elementor-section-height-default elementor-section-height-default\" data-id=\"7c49e75f\" data-element_type=\"section\">\n\t\t\t\t\t\t<div class=\"elementor-container elementor-column-gap-default\">\n\t\t\t\t\t<div class=\"elementor-column elementor-col-100 elementor-top-column elementor-element elementor-element-736ed41\" data-id=\"736ed41\" data-element_type=\"column\">\n\t\t\t<div class=\"elementor-widget-wrap elementor-element-populated\">\n\t\t\t\t\t\t<div class=\"elementor-element elementor-element-19546871 elementor-widget elementor-widget-text-editor\" data-id=\"19546871\" data-element_type=\"widget\" data-widget_type=\"text-editor.default\">\n\t\t\t\t<div class=\"elementor-widget-container\">\n\t\t\t\t\t\t\t\t\t\n<p class=\" eplus-wrapper\"><\/p>\n\t\t\t\t\t\t\t\t<\/div>\n\t\t\t\t<\/div>\n\t\t\t\t\t<\/div>\n\t\t<\/div>\n\t\t\t\t\t<\/div>\n\t\t<\/section>\n\t\t\t\t<section class=\"elementor-section elementor-top-section elementor-element elementor-element-5218479 elementor-section-height-min-height elementor-section-boxed elementor-section-height-default elementor-section-items-middle\" data-id=\"5218479\" data-element_type=\"section\" data-settings=\"{&quot;background_background&quot;:&quot;classic&quot;,&quot;shape_divider_bottom&quot;:&quot;split&quot;,&quot;shape_divider_bottom_negative&quot;:&quot;yes&quot;}\">\n\t\t\t\t\t\t\t<div class=\"elementor-background-overlay\"><\/div>\n\t\t\t\t\t\t<div class=\"elementor-shape elementor-shape-bottom\" aria-hidden=\"true\" data-negative=\"true\">\n\t\t\t<svg xmlns=\"http:\/\/www.w3.org\/2000\/svg\" viewBox=\"0 0 1000 20\" preserveAspectRatio=\"none\">\n\t<path class=\"elementor-shape-fill\" d=\"M519.8,0.2c-11,0-19.8,8.5-19.8,19c0-10.4-8.8-19-19.8-19L0,0v20h1000V0.2H519.8z\"\/>\n<\/svg>\t\t<\/div>\n\t\t\t\t\t<div class=\"elementor-container elementor-column-gap-wider\">\n\t\t\t\t\t<div class=\"elementor-column elementor-col-100 elementor-top-column elementor-element elementor-element-2da738c1\" data-id=\"2da738c1\" data-element_type=\"column\">\n\t\t\t<div class=\"elementor-widget-wrap elementor-element-populated\">\n\t\t\t\t\t\t<div class=\"elementor-element elementor-element-3bd836e9 elementor-invisible elementor-widget elementor-widget-heading\" data-id=\"3bd836e9\" data-element_type=\"widget\" data-settings=\"{&quot;_animation&quot;:&quot;fadeInDown&quot;}\" data-widget_type=\"heading.default\">\n\t\t\t\t<div class=\"elementor-widget-container\">\n\t\t\t\t\t<h1 class=\"elementor-heading-title elementor-size-default\">Les \u00e9l\u00e8ves<\/h1>\t\t\t\t<\/div>\n\t\t\t\t<\/div>\n\t\t\t\t\t<\/div>\n\t\t<\/div>\n\t\t\t\t\t<\/div>\n\t\t<\/section>\n\t\t\t\t<section class=\"elementor-section elementor-top-section elementor-element elementor-element-2876be8 elementor-section-content-middle elementor-section-boxed elementor-section-height-default elementor-section-height-default elementor-invisible\" data-id=\"2876be8\" data-element_type=\"section\" data-settings=\"{&quot;background_background&quot;:&quot;classic&quot;,&quot;animation&quot;:&quot;fadeInUp&quot;}\">\n\t\t\t\t\t\t<div class=\"elementor-container elementor-column-gap-wider\">\n\t\t\t\t\t<div class=\"elementor-column elementor-col-66 elementor-top-column elementor-element elementor-element-26b1729\" data-id=\"26b1729\" data-element_type=\"column\">\n\t\t\t<div class=\"elementor-widget-wrap elementor-element-populated\">\n\t\t\t\t\t\t<div class=\"elementor-element elementor-element-52d6aab elementor-widget elementor-widget-text-editor\" data-id=\"52d6aab\" data-element_type=\"widget\" data-widget_type=\"text-editor.default\">\n\t\t\t\t<div class=\"elementor-widget-container\">\n\t\t\t\t\t\t\t\t\t<p><span style=\"font-family: 'Pontano Sans', sans-serif; font-size: 12pt; color: #333333;\">Nos \u00e9l\u00e8ves sont :<\/span><\/p>\n<p><span style=\"font-family: 'Pontano Sans', sans-serif; font-size: 12pt; color: #333333;\">\u00a0&#8211; <span style=\"font-size: 14pt;\"><b>Des personnes majeures<\/b><\/span>, quel que soit leur statut (r\u00e9fugi\u00e9s, demandeurs d&rsquo;asile, issus de l\u2019immigration&#8230;)\u00a0qui ont un projet de formation et\/ou de travail. L&rsquo;association les aide ainsi \u00e0 am\u00e9liorer significativement leurs comp\u00e9tences en langue fran\u00e7aise, en sciences, en informatique, &#8230; et assimiler une connaissance suffisante des valeurs de la R\u00e9publique Fran\u00e7aise\u00a0et des valeurs civiques et citoyennes de la France. L&rsquo;association leur propose ainsi plusieurs parcours :\u00a0<\/span><\/p>\n<p><span style=\"font-family: 'Pontano Sans', sans-serif; font-size: 12pt; color: #333333;\">\u00a0 \u00a0 \u00a0 &#8212;&gt; Une formation dipl\u00f4mante avec \u00e0 la cl\u00e9 le dipl\u00f4me du <span style=\"font-size: 14pt;\"><em><strong>Dipl\u00f4me d&rsquo;\u00e9tudes en langue fran\u00e7aise<\/strong><\/em><\/span> (niveaux\u00a0A1\/A2\/B1\/B2)<\/span><\/p>\n<p><span style=\"font-family: 'Pontano Sans', sans-serif; font-size: 12pt; color: #333333;\">\u00a0 \u00a0 \u00a0 &#8212;&gt; Une <span style=\"font-size: 14pt;\"><strong>formation<\/strong><\/span> (savoirs de base et fran\u00e7ais langue de scolarisation) pour permettre de\u00a0rejoindre une formation qualifiante du type CAP ou Bac pro.<\/span><\/p>\n<p><span style=\"font-family: 'Pontano Sans', sans-serif; font-size: 12pt; color: #333333;\">\u00a0 \u00a0 \u00a0 &#8212;&gt;\u00a0Une formation linguistique et civique sous forme de <strong><span style=\"font-size: 14pt;\">session intensive de 4 mois<\/span><\/strong>. <\/span><\/p>\n<p><span style=\"font-family: 'Pontano Sans', sans-serif; font-size: 12pt; color: #333333;\">C&rsquo;est ainsi une opportunit\u00e9 pour faciliter leur int\u00e9gration professionnelle et sociale, ainsi que les d\u00e9marches administratives.<br \/><\/span><\/p>\t\t\t\t\t\t\t\t<\/div>\n\t\t\t\t<\/div>\n\t\t\t\t\t<\/div>\n\t\t<\/div>\n\t\t\t\t<div class=\"elementor-column elementor-col-33 elementor-top-column elementor-element elementor-element-a1b671a\" data-id=\"a1b671a\" data-element_type=\"column\">\n\t\t\t<div class=\"elementor-widget-wrap elementor-element-populated\">\n\t\t\t\t\t\t<div class=\"elementor-element elementor-element-0cc9a47 elementor-widget elementor-widget-image\" data-id=\"0cc9a47\" data-element_type=\"widget\" data-widget_type=\"image.default\">\n\t\t\t\t<div class=\"elementor-widget-container\">\n\t\t\t\t\t\t\t\t\t\t\t\t\t\t\t<img fetchpriority=\"high\" decoding=\"async\" width=\"224\" height=\"300\" src=\"https:\/\/esfaec30.fr\/public\/wp-content\/uploads\/2023\/04\/IMG_20221212_103849-224x300.jpeg\" class=\"attachment-medium size-medium wp-image-965\" alt=\"ESFAEC30 DELF A1 A2 B1 B2\" srcset=\"https:\/\/esfaec30.fr\/public\/wp-content\/uploads\/2023\/04\/IMG_20221212_103849-224x300.jpeg 224w, https:\/\/esfaec30.fr\/public\/wp-content\/uploads\/2023\/04\/IMG_20221212_103849-766x1024.jpeg 766w, https:\/\/esfaec30.fr\/public\/wp-content\/uploads\/2023\/04\/IMG_20221212_103849-768x1027.jpeg 768w, https:\/\/esfaec30.fr\/public\/wp-content\/uploads\/2023\/04\/IMG_20221212_103849-1149x1536.jpeg 1149w, https:\/\/esfaec30.fr\/public\/wp-content\/uploads\/2023\/04\/IMG_20221212_103849-1532x2048.jpeg 1532w, https:\/\/esfaec30.fr\/public\/wp-content\/uploads\/2023\/04\/IMG_20221212_103849-scaled.jpeg 1915w\" sizes=\"(max-width: 224px) 100vw, 224px\" \/>\t\t\t\t\t\t\t\t\t\t\t\t\t\t\t<\/div>\n\t\t\t\t<\/div>\n\t\t\t\t<section class=\"elementor-section elementor-inner-section elementor-element elementor-element-b7e4b4c elementor-section-boxed elementor-section-height-default elementor-section-height-default\" data-id=\"b7e4b4c\" data-element_type=\"section\">\n\t\t\t\t\t\t<div class=\"elementor-container elementor-column-gap-default\">\n\t\t\t\t\t<div class=\"elementor-column elementor-col-50 elementor-inner-column elementor-element elementor-element-cf77a50\" data-id=\"cf77a50\" data-element_type=\"column\">\n\t\t\t<div class=\"elementor-widget-wrap elementor-element-populated\">\n\t\t\t\t\t\t<div class=\"elementor-element elementor-element-fc2b8ae elementor-widget elementor-widget-image\" data-id=\"fc2b8ae\" data-element_type=\"widget\" data-widget_type=\"image.default\">\n\t\t\t\t<div class=\"elementor-widget-container\">\n\t\t\t\t\t\t\t\t\t\t\t\t\t\t\t<img decoding=\"async\" width=\"1024\" height=\"768\" src=\"https:\/\/esfaec30.fr\/public\/wp-content\/uploads\/2023\/04\/emission-radio.jpeg\" class=\"attachment-large size-large wp-image-961\" alt=\"ESFAEC30 DELF emission radio\" srcset=\"https:\/\/esfaec30.fr\/public\/wp-content\/uploads\/2023\/04\/emission-radio.jpeg 1024w, https:\/\/esfaec30.fr\/public\/wp-content\/uploads\/2023\/04\/emission-radio-300x225.jpeg 300w, https:\/\/esfaec30.fr\/public\/wp-content\/uploads\/2023\/04\/emission-radio-768x576.jpeg 768w\" sizes=\"(max-width: 1024px) 100vw, 1024px\" \/>\t\t\t\t\t\t\t\t\t\t\t\t\t\t\t<\/div>\n\t\t\t\t<\/div>\n\t\t\t\t<div class=\"elementor-element elementor-element-c30c463 elementor-widget elementor-widget-image\" data-id=\"c30c463\" data-element_type=\"widget\" data-widget_type=\"image.default\">\n\t\t\t\t<div class=\"elementor-widget-container\">\n\t\t\t\t\t\t\t\t\t\t\t\t\t\t\t<img decoding=\"async\" width=\"1024\" height=\"513\" src=\"https:\/\/esfaec30.fr\/public\/wp-content\/uploads\/2023\/03\/ESFAEC-DELF-DIPLOME-1024x513.jpg\" class=\"attachment-large size-large wp-image-915\" alt=\"ESFAEC-DELF-DIPLOME\" srcset=\"https:\/\/esfaec30.fr\/public\/wp-content\/uploads\/2023\/03\/ESFAEC-DELF-DIPLOME-1024x513.jpg 1024w, https:\/\/esfaec30.fr\/public\/wp-content\/uploads\/2023\/03\/ESFAEC-DELF-DIPLOME-300x150.jpg 300w, https:\/\/esfaec30.fr\/public\/wp-content\/uploads\/2023\/03\/ESFAEC-DELF-DIPLOME-768x385.jpg 768w, https:\/\/esfaec30.fr\/public\/wp-content\/uploads\/2023\/03\/ESFAEC-DELF-DIPLOME.jpg 1145w\" sizes=\"(max-width: 1024px) 100vw, 1024px\" \/>\t\t\t\t\t\t\t\t\t\t\t\t\t\t\t<\/div>\n\t\t\t\t<\/div>\n\t\t\t\t\t<\/div>\n\t\t<\/div>\n\t\t\t\t<div class=\"elementor-column elementor-col-50 elementor-inner-column elementor-element elementor-element-31fc58f\" data-id=\"31fc58f\" data-element_type=\"column\">\n\t\t\t<div class=\"elementor-widget-wrap elementor-element-populated\">\n\t\t\t\t\t\t<div class=\"elementor-element elementor-element-36105f6 elementor-widget elementor-widget-image\" data-id=\"36105f6\" data-element_type=\"widget\" data-widget_type=\"image.default\">\n\t\t\t\t<div class=\"elementor-widget-container\">\n\t\t\t\t\t\t\t\t\t\t\t\t\t\t\t<img loading=\"lazy\" decoding=\"async\" width=\"224\" height=\"300\" src=\"https:\/\/esfaec30.fr\/public\/wp-content\/uploads\/2023\/04\/IMG_20221004_115207-224x300.jpeg\" class=\"attachment-medium size-medium wp-image-964\" alt=\"ESFAEC30 DELF \u00e9l\u00e8ve\" srcset=\"https:\/\/esfaec30.fr\/public\/wp-content\/uploads\/2023\/04\/IMG_20221004_115207-224x300.jpeg 224w, https:\/\/esfaec30.fr\/public\/wp-content\/uploads\/2023\/04\/IMG_20221004_115207-766x1024.jpeg 766w, https:\/\/esfaec30.fr\/public\/wp-content\/uploads\/2023\/04\/IMG_20221004_115207-768x1027.jpeg 768w, https:\/\/esfaec30.fr\/public\/wp-content\/uploads\/2023\/04\/IMG_20221004_115207-1149x1536.jpeg 1149w, https:\/\/esfaec30.fr\/public\/wp-content\/uploads\/2023\/04\/IMG_20221004_115207-1532x2048.jpeg 1532w, https:\/\/esfaec30.fr\/public\/wp-content\/uploads\/2023\/04\/IMG_20221004_115207-scaled.jpeg 1915w\" sizes=\"(max-width: 224px) 100vw, 224px\" \/>\t\t\t\t\t\t\t\t\t\t\t\t\t\t\t<\/div>\n\t\t\t\t<\/div>\n\t\t\t\t\t<\/div>\n\t\t<\/div>\n\t\t\t\t\t<\/div>\n\t\t<\/section>\n\t\t\t\t\t<\/div>\n\t\t<\/div>\n\t\t\t\t\t<\/div>\n\t\t<\/section>\n\t\t\t\t<section class=\"elementor-section elementor-top-section elementor-element elementor-element-ad8b0ce elementor-section-content-middle elementor-section-boxed elementor-section-height-default elementor-section-height-default elementor-invisible\" data-id=\"ad8b0ce\" data-element_type=\"section\" data-settings=\"{&quot;background_background&quot;:&quot;classic&quot;,&quot;animation&quot;:&quot;fadeInUp&quot;}\">\n\t\t\t\t\t\t<div class=\"elementor-container elementor-column-gap-wider\">\n\t\t\t\t\t<div class=\"elementor-column elementor-col-66 elementor-top-column elementor-element elementor-element-96d21c1\" data-id=\"96d21c1\" data-element_type=\"column\">\n\t\t\t<div class=\"elementor-widget-wrap elementor-element-populated\">\n\t\t\t\t\t\t<section class=\"elementor-section elementor-inner-section elementor-element elementor-element-be760ef elementor-section-boxed elementor-section-height-default elementor-section-height-default\" data-id=\"be760ef\" data-element_type=\"section\">\n\t\t\t\t\t\t<div class=\"elementor-container elementor-column-gap-default\">\n\t\t\t\t\t<div class=\"elementor-column elementor-col-50 elementor-inner-column elementor-element elementor-element-636d022\" data-id=\"636d022\" data-element_type=\"column\">\n\t\t\t<div class=\"elementor-widget-wrap elementor-element-populated\">\n\t\t\t\t\t\t<div class=\"elementor-element elementor-element-a460476 elementor-widget elementor-widget-image\" data-id=\"a460476\" data-element_type=\"widget\" data-widget_type=\"image.default\">\n\t\t\t\t<div class=\"elementor-widget-container\">\n\t\t\t\t\t\t\t\t\t\t\t\t\t\t\t<img loading=\"lazy\" decoding=\"async\" width=\"766\" height=\"1024\" src=\"https:\/\/esfaec30.fr\/public\/wp-content\/uploads\/2023\/04\/sortie-A-Mazel-766x1024.jpeg\" class=\"attachment-large size-large wp-image-966\" alt=\"ESFAEC30 DELF COURS\" srcset=\"https:\/\/esfaec30.fr\/public\/wp-content\/uploads\/2023\/04\/sortie-A-Mazel-766x1024.jpeg 766w, https:\/\/esfaec30.fr\/public\/wp-content\/uploads\/2023\/04\/sortie-A-Mazel-224x300.jpeg 224w, https:\/\/esfaec30.fr\/public\/wp-content\/uploads\/2023\/04\/sortie-A-Mazel-768x1027.jpeg 768w, https:\/\/esfaec30.fr\/public\/wp-content\/uploads\/2023\/04\/sortie-A-Mazel-1149x1536.jpeg 1149w, https:\/\/esfaec30.fr\/public\/wp-content\/uploads\/2023\/04\/sortie-A-Mazel-1532x2048.jpeg 1532w, https:\/\/esfaec30.fr\/public\/wp-content\/uploads\/2023\/04\/sortie-A-Mazel-scaled.jpeg 1915w\" sizes=\"(max-width: 766px) 100vw, 766px\" \/>\t\t\t\t\t\t\t\t\t\t\t\t\t\t\t<\/div>\n\t\t\t\t<\/div>\n\t\t\t\t\t<\/div>\n\t\t<\/div>\n\t\t\t\t<div class=\"elementor-column elementor-col-50 elementor-inner-column elementor-element elementor-element-2eb1e0a\" data-id=\"2eb1e0a\" data-element_type=\"column\">\n\t\t\t<div class=\"elementor-widget-wrap elementor-element-populated\">\n\t\t\t\t\t\t<div class=\"elementor-element elementor-element-7fbf0bc elementor-widget elementor-widget-image\" data-id=\"7fbf0bc\" data-element_type=\"widget\" data-widget_type=\"image.default\">\n\t\t\t\t<div class=\"elementor-widget-container\">\n\t\t\t\t\t\t\t\t\t\t\t\t\t\t\t<img loading=\"lazy\" decoding=\"async\" width=\"1024\" height=\"768\" src=\"https:\/\/esfaec30.fr\/public\/wp-content\/uploads\/2023\/04\/IMG-20230313-WA0030.jpg\" class=\"attachment-large size-large wp-image-1018\" alt=\"ESFAEC30 DELF SPORT\" srcset=\"https:\/\/esfaec30.fr\/public\/wp-content\/uploads\/2023\/04\/IMG-20230313-WA0030.jpg 1024w, https:\/\/esfaec30.fr\/public\/wp-content\/uploads\/2023\/04\/IMG-20230313-WA0030-300x225.jpg 300w, https:\/\/esfaec30.fr\/public\/wp-content\/uploads\/2023\/04\/IMG-20230313-WA0030-768x576.jpg 768w\" sizes=\"(max-width: 1024px) 100vw, 1024px\" \/>\t\t\t\t\t\t\t\t\t\t\t\t\t\t\t<\/div>\n\t\t\t\t<\/div>\n\t\t\t\t<div class=\"elementor-element elementor-element-1c7b659 elementor-widget elementor-widget-image\" data-id=\"1c7b659\" data-element_type=\"widget\" data-widget_type=\"image.default\">\n\t\t\t\t<div class=\"elementor-widget-container\">\n\t\t\t\t\t\t\t\t\t\t\t\t\t\t\t<img loading=\"lazy\" decoding=\"async\" width=\"800\" height=\"600\" src=\"https:\/\/esfaec30.fr\/public\/wp-content\/uploads\/2023\/04\/au-Cratere.jpeg\" class=\"attachment-large size-large wp-image-960\" alt=\"ESFAEC30 DELF sortie crat\u00e8re\" srcset=\"https:\/\/esfaec30.fr\/public\/wp-content\/uploads\/2023\/04\/au-Cratere.jpeg 800w, https:\/\/esfaec30.fr\/public\/wp-content\/uploads\/2023\/04\/au-Cratere-300x225.jpeg 300w, https:\/\/esfaec30.fr\/public\/wp-content\/uploads\/2023\/04\/au-Cratere-768x576.jpeg 768w\" sizes=\"(max-width: 800px) 100vw, 800px\" \/>\t\t\t\t\t\t\t\t\t\t\t\t\t\t\t<\/div>\n\t\t\t\t<\/div>\n\t\t\t\t\t<\/div>\n\t\t<\/div>\n\t\t\t\t\t<\/div>\n\t\t<\/section>\n\t\t\t\t<div class=\"elementor-element elementor-element-bf4375a elementor-widget elementor-widget-image\" data-id=\"bf4375a\" data-element_type=\"widget\" data-widget_type=\"image.default\">\n\t\t\t\t<div class=\"elementor-widget-container\">\n\t\t\t\t\t\t\t\t\t\t\t\t\t\t\t<img loading=\"lazy\" decoding=\"async\" width=\"300\" height=\"203\" src=\"https:\/\/esfaec30.fr\/public\/wp-content\/uploads\/2023\/03\/ASFEAC-DELF-APPRENDRE-300x203.png\" class=\"attachment-medium size-medium wp-image-888\" alt=\"ESFAEC-DELF-APPRENDRE\" srcset=\"https:\/\/esfaec30.fr\/public\/wp-content\/uploads\/2023\/03\/ASFEAC-DELF-APPRENDRE-300x203.png 300w, https:\/\/esfaec30.fr\/public\/wp-content\/uploads\/2023\/03\/ASFEAC-DELF-APPRENDRE-1024x692.png 1024w, https:\/\/esfaec30.fr\/public\/wp-content\/uploads\/2023\/03\/ASFEAC-DELF-APPRENDRE-768x519.png 768w, https:\/\/esfaec30.fr\/public\/wp-content\/uploads\/2023\/03\/ASFEAC-DELF-APPRENDRE-1536x1038.png 1536w, https:\/\/esfaec30.fr\/public\/wp-content\/uploads\/2023\/03\/ASFEAC-DELF-APPRENDRE.png 1633w\" sizes=\"(max-width: 300px) 100vw, 300px\" \/>\t\t\t\t\t\t\t\t\t\t\t\t\t\t\t<\/div>\n\t\t\t\t<\/div>\n\t\t\t\t\t<\/div>\n\t\t<\/div>\n\t\t\t\t<div class=\"elementor-column elementor-col-33 elementor-top-column elementor-element elementor-element-451beec\" data-id=\"451beec\" data-element_type=\"column\">\n\t\t\t<div class=\"elementor-widget-wrap elementor-element-populated\">\n\t\t\t\t\t\t<div class=\"elementor-element elementor-element-ee229e3 elementor-widget elementor-widget-text-editor\" data-id=\"ee229e3\" data-element_type=\"widget\" data-widget_type=\"text-editor.default\">\n\t\t\t\t<div class=\"elementor-widget-container\">\n\t\t\t\t\t\t\t\t\t<p><span style=\"font-family: 'Pontano Sans', sans-serif; font-size: 12pt; color: #333333;\"><b>&nbsp;&#8211; <span style=\"font-size: 14pt;\">Des mineurs non accompagn\u00e9s <\/span><\/b> en r\u00e9ponse \u00e0 la demande des \u00e9tablissements d\u2019enseignement, des foyers&nbsp;d&rsquo;accueil de mineurs non accompagn\u00e9s (MNA), des associations partenaires du CSMA.<\/span><\/p>\n<p><span style=\"font-family: 'Pontano Sans', sans-serif; font-size: 12pt; color: #333333;\">Ces mineurs non accompagn\u00e9s (MNA) scolaris\u00e9s en France, sont parfois francophones ou&nbsp;anglophones, et la plupart ont une ma\u00eetrise insuffisante et\/ou tr\u00e8s incertaine du fran\u00e7ais. Beaucoup&nbsp;sont non scolaris\u00e9s ant\u00e9rieurement. L\u2019ESFAEC vise le niveau A2, a minima, pour rejoindre des cursus&nbsp;CAP \/ BEP.&nbsp; Nous leur proposons :&nbsp;<\/span><\/p>\n<p><span style=\"font-family: 'Pontano Sans', sans-serif; font-size: 12pt; color: #333333;\">&nbsp; &nbsp; &nbsp;&#8212;&gt; <span style=\"font-size: 14pt;\"><strong>Accompagnement scolaire<\/strong> <\/span>: les aider pour qu&rsquo;ils reprennent confiance en eux, leur donner les cl\u00e9s de leur fonctionnement cognitif et les d\u00e9marches d&rsquo;apprentissage efficaces.<\/span><\/p>\n<p><span style=\"font-family: 'Pontano Sans', sans-serif; font-size: 12pt; color: #333333;\">&nbsp; &nbsp; &nbsp;&#8212;&gt; <span style=\"font-size: 14pt;\"><strong>Am\u00e9lioration de leur connaissance de la langue fran\u00e7aise<\/strong><\/span> :&nbsp;connaissance de sa propre cognition (attention, contr\u00f4le inhibiteur, engagement actif, \u2026) et de quelques \u00ab astuces \u00bb du cerveau, travail de m\u00e9morisation et de consolidation des savoirs et savoir-faire, planification et pr\u00e9paration des contr\u00f4les.<\/span><\/p>\t\t\t\t\t\t\t\t<\/div>\n\t\t\t\t<\/div>\n\t\t\t\t\t<\/div>\n\t\t<\/div>\n\t\t\t\t\t<\/div>\n\t\t<\/section>\n\t\t\t\t<\/div>\n\t\t","protected":false},"excerpt":{"rendered":"<p>Les \u00e9l\u00e8ves Nos \u00e9l\u00e8ves sont : \u00a0&#8211; Des personnes majeures, quel que soit leur statut (r\u00e9fugi\u00e9s, demandeurs d&rsquo;asile, issus de l\u2019immigration&#8230;)\u00a0qui ont un projet de formation et\/ou de travail. L&rsquo;association les aide ainsi \u00e0 am\u00e9liorer significativement leurs comp\u00e9tences en langue fran\u00e7aise, en sciences, en informatique, &#8230; et assimiler une connaissance suffisante des valeurs de la [&hellip;]<\/p>\n","protected":false},"author":1,"featured_media":0,"parent":0,"menu_order":0,"comment_status":"closed","ping_status":"closed","template":"elementor_theme","meta":{"editor_plus_copied_stylings":"{}","ocean_post_layout":"","ocean_both_sidebars_style":"","ocean_both_sidebars_content_width":0,"ocean_both_sidebars_sidebars_width":0,"ocean_sidebar":"0","ocean_second_sidebar":"0","ocean_disable_margins":"enable","ocean_add_body_class":"","ocean_shortcode_before_top_bar":"","ocean_shortcode_after_top_bar":"","ocean_shortcode_before_header":"","ocean_shortcode_after_header":"","ocean_has_shortcode":"","ocean_shortcode_after_title":"","ocean_shortcode_before_footer_widgets":"","ocean_shortcode_after_footer_widgets":"","ocean_shortcode_before_footer_bottom":"","ocean_shortcode_after_footer_bottom":"","ocean_display_top_bar":"default","ocean_display_header":"default","ocean_header_style":"","ocean_center_header_left_menu":"0","ocean_custom_header_template":"0","ocean_custom_logo":0,"ocean_custom_retina_logo":0,"ocean_custom_logo_max_width":0,"ocean_custom_logo_tablet_max_width":0,"ocean_custom_logo_mobile_max_width":0,"ocean_custom_logo_max_height":0,"ocean_custom_logo_tablet_max_height":0,"ocean_custom_logo_mobile_max_height":0,"ocean_header_custom_menu":"0","ocean_menu_typo_font_family":"0","ocean_menu_typo_font_subset":"","ocean_menu_typo_font_size":0,"ocean_menu_typo_font_size_tablet":0,"ocean_menu_typo_font_size_mobile":0,"ocean_menu_typo_font_size_unit":"px","ocean_menu_typo_font_weight":"","ocean_menu_typo_font_weight_tablet":"","ocean_menu_typo_font_weight_mobile":"","ocean_menu_typo_transform":"","ocean_menu_typo_transform_tablet":"","ocean_menu_typo_transform_mobile":"","ocean_menu_typo_line_height":0,"ocean_menu_typo_line_height_tablet":0,"ocean_menu_typo_line_height_mobile":0,"ocean_menu_typo_line_height_unit":"","ocean_menu_typo_spacing":0,"ocean_menu_typo_spacing_tablet":0,"ocean_menu_typo_spacing_mobile":0,"ocean_menu_typo_spacing_unit":"","ocean_menu_link_color":"","ocean_menu_link_color_hover":"","ocean_menu_link_color_active":"","ocean_menu_link_background":"","ocean_menu_link_hover_background":"","ocean_menu_link_active_background":"","ocean_menu_social_links_bg":"","ocean_menu_social_hover_links_bg":"","ocean_menu_social_links_color":"","ocean_menu_social_hover_links_color":"","ocean_disable_title":"on","ocean_disable_heading":"default","ocean_post_title":"","ocean_post_subheading":"","ocean_post_title_style":"","ocean_post_title_background_color":"","ocean_post_title_background":0,"ocean_post_title_bg_image_position":"","ocean_post_title_bg_image_attachment":"","ocean_post_title_bg_image_repeat":"","ocean_post_title_bg_image_size":"","ocean_post_title_height":0,"ocean_post_title_bg_overlay":0.5,"ocean_post_title_bg_overlay_color":"","ocean_disable_breadcrumbs":"default","ocean_breadcrumbs_color":"","ocean_breadcrumbs_separator_color":"","ocean_breadcrumbs_links_color":"","ocean_breadcrumbs_links_hover_color":"","ocean_display_footer_widgets":"off","ocean_display_footer_bottom":"off","ocean_custom_footer_template":"0","footnotes":""},"class_list":["post-1017","page","type-page","status-publish","hentry","entry"],"_links":{"self":[{"href":"https:\/\/esfaec30.fr\/public\/wp-json\/wp\/v2\/pages\/1017","targetHints":{"allow":["GET"]}}],"collection":[{"href":"https:\/\/esfaec30.fr\/public\/wp-json\/wp\/v2\/pages"}],"about":[{"href":"https:\/\/esfaec30.fr\/public\/wp-json\/wp\/v2\/types\/page"}],"author":[{"embeddable":true,"href":"https:\/\/esfaec30.fr\/public\/wp-json\/wp\/v2\/users\/1"}],"replies":[{"embeddable":true,"href":"https:\/\/esfaec30.fr\/public\/wp-json\/wp\/v2\/comments?post=1017"}],"version-history":[{"count":20,"href":"https:\/\/esfaec30.fr\/public\/wp-json\/wp\/v2\/pages\/1017\/revisions"}],"predecessor-version":[{"id":1632,"href":"https:\/\/esfaec30.fr\/public\/wp-json\/wp\/v2\/pages\/1017\/revisions\/1632"}],"wp:attachment":[{"href":"https:\/\/esfaec30.fr\/public\/wp-json\/wp\/v2\/media?parent=1017"}],"curies":[{"name":"wp","href":"https:\/\/api.w.org\/{rel}","templated":true}]}}