{"id":1237,"date":"2023-07-16T21:23:38","date_gmt":"2023-07-16T19:23:38","guid":{"rendered":"https:\/\/esfaec30.fr\/public\/?page_id=1237"},"modified":"2025-03-25T15:56:28","modified_gmt":"2025-03-25T14:56:28","slug":"la-presse-en-parle","status":"publish","type":"page","link":"https:\/\/esfaec30.fr\/public\/la-presse-en-parle\/","title":{"rendered":"La presse en parle"},"content":{"rendered":"\n<p class=\" eplus-wrapper\"><\/p>\n\n\n<style>.kb-image1237_435733-61 .kb-image-has-overlay:after{opacity:0.3;}<\/style>\n<figure class=\"wp-block-kadence-image kb-image1237_435733-61 size-medium\"><img decoding=\"async\" width=\"300\" height=\"140\" src=\"https:\/\/esfaec30.fr\/public\/wp-content\/uploads\/2023\/07\/logo-obj-gard-300x140.jpg\" alt=\"\" class=\"kb-img wp-image-1251\" srcset=\"https:\/\/esfaec30.fr\/public\/wp-content\/uploads\/2023\/07\/logo-obj-gard-300x140.jpg 300w, https:\/\/esfaec30.fr\/public\/wp-content\/uploads\/2023\/07\/logo-obj-gard-768x359.jpg 768w, https:\/\/esfaec30.fr\/public\/wp-content\/uploads\/2023\/07\/logo-obj-gard.jpg 796w\" sizes=\"(max-width: 300px) 100vw, 300px\" \/><\/figure>\n\n\n<h1 class=\"tt\" style=\"text-align: center;\"><a href=\"https:\/\/www.objectifgard.com\/education\/ales-70-eleves-ont-recu-leur-diplome-dentrainement-au-francais-112349.php?utm_term=Autofeed&amp;amp;utm_medium=Social&amp;amp;utm_source=Facebook&amp;amp;fbclid=IwAR3wEhyu9cj-Cfjg4s4ApGijQvk6JQV6yrdm982gg_YhPyTs0b5KolsXRNU_aem_AU09JrM0bZmQD6goLuIRkJOOXi0uzOHapNcorXE3j984OSv5tRZc9-RT_4zDj8zhIh4#Echobox=1688475044\">AL\u00c8S 70 \u00e9l\u00e8ves ont re\u00e7u leur dipl\u00f4me d&rsquo;entra\u00eenement au fran\u00e7ais<\/a><\/h1>\n\n<style>.kb-image1237_d2cfbd-f4.kb-image-is-ratio-size, .kb-image1237_d2cfbd-f4 .kb-image-is-ratio-size{max-width:769px;width:100%;}.wp-block-kadence-column > .kt-inside-inner-col > .kb-image1237_d2cfbd-f4.kb-image-is-ratio-size, .wp-block-kadence-column > .kt-inside-inner-col > .kb-image1237_d2cfbd-f4 .kb-image-is-ratio-size{align-self:unset;}.kb-image1237_d2cfbd-f4{max-width:769px;}.image-is-svg.kb-image1237_d2cfbd-f4{-webkit-flex:0 1 100%;flex:0 1 100%;}.image-is-svg.kb-image1237_d2cfbd-f4 img{width:100%;}.kb-image1237_d2cfbd-f4 .kb-image-has-overlay:after{opacity:0.3;}<\/style>\n<figure class=\"wp-block-kadence-image kb-image1237_d2cfbd-f4 size-large\"><img fetchpriority=\"high\" decoding=\"async\" width=\"1024\" height=\"574\" src=\"https:\/\/esfaec30.fr\/public\/wp-content\/uploads\/2023\/07\/obj_gard_1-1024x574.jpg\" alt=\"\" class=\"kb-img wp-image-1241\" srcset=\"https:\/\/esfaec30.fr\/public\/wp-content\/uploads\/2023\/07\/obj_gard_1-1024x574.jpg 1024w, https:\/\/esfaec30.fr\/public\/wp-content\/uploads\/2023\/07\/obj_gard_1-300x168.jpg 300w, https:\/\/esfaec30.fr\/public\/wp-content\/uploads\/2023\/07\/obj_gard_1-768x431.jpg 768w, https:\/\/esfaec30.fr\/public\/wp-content\/uploads\/2023\/07\/obj_gard_1.jpg 1200w\" sizes=\"(max-width: 1024px) 100vw, 1024px\" \/><figcaption><mark><strong>Sophie de Chastellier et Marjorie Dumas, entour\u00e9e de la deuxi\u00e8me promotion de l&rsquo;ann\u00e9e de l&rsquo;\u00c9cole sans fronti\u00e8res.&nbsp;<br>&#8211; Emma Guihermet<\/strong><\/mark><\/figcaption><\/figure>\n\n\n\n<div id=\"section-g27bbc0\" class=\"wp-block-gutentor-e1 section-g27bbc0 gutentor-element gutentor-element-advanced-text\"><div class=\"gutentor-text-wrap\"><p class=\"gutentor-text\"><strong>La salle de la caf\u00e9t\u00e9ria du lyc\u00e9e Jean-Baptiste Dumas d\u2019Al\u00e8s s\u2019est&nbsp;transform\u00e9e, jeudi dernier, en salle des fiert\u00e9s. La deuxi\u00e8me promotion de l\u2019ann\u00e9e de l\u2019\u00c9cole sans fronti\u00e8res d\u2019Al\u00e8s en C\u00e9vennes s\u2019est vu&nbsp;remettre les dipl\u00f4mes d\u2019entrainement aux dipl\u00f4mes d\u2019\u00e9tudes en langue fran\u00e7aise (DELF).<\/strong><\/p><\/div><\/div>\n\n\n\n<hr class=\" wp-block-separator has-alpha-channel-opacity eplus-wrapper\"\/>\n\n\n<ul class=\" wp-block-list eplus-wrapper eplus-styles-uid-dbfb2a\">\n<li class=\" eplus-wrapper\"><a href=\"https:\/\/www.objectifgard.com\/education\/limage-du-jour-70-nouveaux-diplomes-etrangers-ont-appris-le-francais-avec-lecole-sans-frontieres-104960.php?utm_term=Autofeed&amp;utm_medium=Social&amp;utm_source=Facebook&amp;fbclid=IwAR2MW_FvW6m8PYwjNpXnA8TUzca81mG1THm3694JBZoLG2LqPXWuVuIlBak&amp;mibextid=Zxz2cZ#Echobox=1674748667\"><span class=\"elementor-icon-list-text elementor-inline-editing\" data-elementor-setting-key=\"icon_list.0.text\">Objectif Gard : \u00ab\u00a0L&rsquo;IMAGE DU JOUR 70 nouveaux dipl\u00f4m\u00e9s \u00e9trangers ont appris le fran\u00e7ais avec l&rsquo;\u00c9cole sans fronti\u00e8res\u00a0\u00bb, 26\/01\/2023<\/span><\/a><\/li>\n<\/ul>\n\n\n<hr class=\" wp-block-separator has-alpha-channel-opacity eplus-wrapper\"\/>\n\n\n<ul class=\" wp-block-list eplus-wrapper eplus-styles-uid-c022e7\">\n<li class=\" eplus-wrapper\"><a href=\"https:\/\/www.midilibre.fr\/2022\/12\/13\/cevennes-autour-du-calendrier-lecole-sans-frontieres-fait-jongler-les-langues-10864479.php#\"><span class=\"elementor-icon-list-text elementor-inline-editing\" data-elementor-setting-key=\"icon_list.1.text\">Midi Libre : \u00ab\u00a0C\u00e9vennes : autour du calendrier, l\u2019\u00c9cole Sans Fronti\u00e8res fait jongler les langues\u00a0\u00bb, 13\/12\/2022<\/span><\/a><\/li>\n<\/ul>\n\n\n<hr class=\" wp-block-separator has-alpha-channel-opacity eplus-wrapper\"\/>\n\n\n\n<p class=\" eplus-wrapper\"><\/p>\n\n\n\n<p class=\" eplus-wrapper\"><\/p>\n","protected":false},"excerpt":{"rendered":"<p>AL\u00c8S 70 \u00e9l\u00e8ves ont re\u00e7u leur dipl\u00f4me d&rsquo;entra\u00eenement au fran\u00e7ais<\/p>\n","protected":false},"author":1,"featured_media":0,"parent":0,"menu_order":0,"comment_status":"closed","ping_status":"closed","template":"","meta":{"editor_plus_copied_stylings":"{}","ocean_post_layout":"full-width","ocean_both_sidebars_style":"","ocean_both_sidebars_content_width":0,"ocean_both_sidebars_sidebars_width":0,"ocean_sidebar":"sidebar","ocean_second_sidebar":"0","ocean_disable_margins":"on","ocean_add_body_class":"","ocean_shortcode_before_top_bar":"","ocean_shortcode_after_top_bar":"","ocean_shortcode_before_header":"","ocean_shortcode_after_header":"","ocean_has_shortcode":"","ocean_shortcode_after_title":"","ocean_shortcode_before_footer_widgets":"","ocean_shortcode_after_footer_widgets":"","ocean_shortcode_before_footer_bottom":"","ocean_shortcode_after_footer_bottom":"","ocean_display_top_bar":"default","ocean_display_header":"default","ocean_header_style":"","ocean_center_header_left_menu":"0","ocean_custom_header_template":"0","ocean_custom_logo":0,"ocean_custom_retina_logo":0,"ocean_custom_logo_max_width":0,"ocean_custom_logo_tablet_max_width":0,"ocean_custom_logo_mobile_max_width":0,"ocean_custom_logo_max_height":0,"ocean_custom_logo_tablet_max_height":0,"ocean_custom_logo_mobile_max_height":0,"ocean_header_custom_menu":"0","ocean_menu_typo_font_family":"0","ocean_menu_typo_font_subset":"","ocean_menu_typo_font_size":0,"ocean_menu_typo_font_size_tablet":0,"ocean_menu_typo_font_size_mobile":0,"ocean_menu_typo_font_size_unit":"px","ocean_menu_typo_font_weight":"","ocean_menu_typo_font_weight_tablet":"","ocean_menu_typo_font_weight_mobile":"","ocean_menu_typo_transform":"","ocean_menu_typo_transform_tablet":"","ocean_menu_typo_transform_mobile":"","ocean_menu_typo_line_height":0,"ocean_menu_typo_line_height_tablet":0,"ocean_menu_typo_line_height_mobile":0,"ocean_menu_typo_line_height_unit":"","ocean_menu_typo_spacing":0,"ocean_menu_typo_spacing_tablet":0,"ocean_menu_typo_spacing_mobile":0,"ocean_menu_typo_spacing_unit":"","ocean_menu_link_color":"","ocean_menu_link_color_hover":"","ocean_menu_link_color_active":"","ocean_menu_link_background":"","ocean_menu_link_hover_background":"","ocean_menu_link_active_background":"","ocean_menu_social_links_bg":"","ocean_menu_social_hover_links_bg":"","ocean_menu_social_links_color":"","ocean_menu_social_hover_links_color":"","ocean_disable_title":"default","ocean_disable_heading":"default","ocean_post_title":"","ocean_post_subheading":"","ocean_post_title_style":"","ocean_post_title_background_color":"","ocean_post_title_background":0,"ocean_post_title_bg_image_position":"","ocean_post_title_bg_image_attachment":"","ocean_post_title_bg_image_repeat":"","ocean_post_title_bg_image_size":"","ocean_post_title_height":0,"ocean_post_title_bg_overlay":0.5,"ocean_post_title_bg_overlay_color":"","ocean_disable_breadcrumbs":"off","ocean_breadcrumbs_color":"","ocean_breadcrumbs_separator_color":"","ocean_breadcrumbs_links_color":"","ocean_breadcrumbs_links_hover_color":"","ocean_display_footer_widgets":"off","ocean_display_footer_bottom":"off","ocean_custom_footer_template":"0","footnotes":""},"class_list":["post-1237","page","type-page","status-publish","hentry","entry"],"_links":{"self":[{"href":"https:\/\/esfaec30.fr\/public\/wp-json\/wp\/v2\/pages\/1237","targetHints":{"allow":["GET"]}}],"collection":[{"href":"https:\/\/esfaec30.fr\/public\/wp-json\/wp\/v2\/pages"}],"about":[{"href":"https:\/\/esfaec30.fr\/public\/wp-json\/wp\/v2\/types\/page"}],"author":[{"embeddable":true,"href":"https:\/\/esfaec30.fr\/public\/wp-json\/wp\/v2\/users\/1"}],"replies":[{"embeddable":true,"href":"https:\/\/esfaec30.fr\/public\/wp-json\/wp\/v2\/comments?post=1237"}],"version-history":[{"count":24,"href":"https:\/\/esfaec30.fr\/public\/wp-json\/wp\/v2\/pages\/1237\/revisions"}],"predecessor-version":[{"id":1624,"href":"https:\/\/esfaec30.fr\/public\/wp-json\/wp\/v2\/pages\/1237\/revisions\/1624"}],"wp:attachment":[{"href":"https:\/\/esfaec30.fr\/public\/wp-json\/wp\/v2\/media?parent=1237"}],"curies":[{"name":"wp","href":"https:\/\/api.w.org\/{rel}","templated":true}]}}